{"id":541,"date":"2021-06-05T12:59:05","date_gmt":"2021-06-05T10:59:05","guid":{"rendered":"https:\/\/adj.ifispan.pl\/?page_id=541"},"modified":"2021-06-05T12:59:06","modified_gmt":"2021-06-05T10:59:06","slug":"udostepnianie-danych-z-badan-jakosciowych","status":"publish","type":"page","link":"https:\/\/adj.ifispan.pl\/index.php\/udostepnianie-danych-z-badan-jakosciowych\/","title":{"rendered":"Udost\u0119pnianie danych z bada\u0144 jako\u015bciowych"},"content":{"rendered":"\n<p><em>Wyst\u0105pienie na IX Transdyscyplinarnym Sympozjum Bada\u0144 Jako\u015bciowych, 8-9 czerwca 2021 r. \u2013 abstrakt<\/em><\/p>\n\n\n\n<p>Danuta \u017byczy\u0144ska-Cio\u0142ek, Magdalena Bieli\u0144ska, Piotr Filipkowski<\/p>\n\n\n\n<p>Instytut Filozofii i Socjologii PAN<\/p>\n\n\n\n<p><strong>Udost\u0119pnianie danych z bada\u0144 jako\u015bciowych \u2013 mo\u017cliwo\u015bci, szanse i wyzwania<\/strong><\/p>\n\n\n\n<p>Od 2019 r. Narodowe Centrum Nauki (NCN) wymaga, by kierowane do\u0144 wnioski grantowe zawiera\u0142y Plany Zarz\u0105dzania Danymi. W planach nale\u017cy m.in. odpowiedzie\u0107 na pytania,&nbsp; kiedy i w jaki spos\u00f3b b\u0119d\u0105 udost\u0119pniane dane z projektu oraz gdzie b\u0119d\u0105 one d\u0142ugoterminowo przechowywane. NCN jako g\u0142\u00f3wna instytucja przyznaj\u0105ca w Polsce granty na badania wyznaczy\u0142o w ten spos\u00f3b nowy (je\u015bli chodzi o nasz kraj) kierunek post\u0119powania z materia\u0142ami gromadzonymi w ramach projekt\u00f3w jako\u015bciowych.<\/p>\n\n\n\n<p>W pierwszej cz\u0119\u015bci referatu przedstawimy mo\u017cliwo\u015b\u0107 udost\u0119pniania danych w dzia\u0142aj\u0105cym od 9 lat Archiwum Danych Jako\u015bciowych (ADJ) IFiS PAN. Na pocz\u0105tku bie\u017c\u0105cego roku w ADJ zasz\u0142y powa\u017cne zmiany, zwi\u0105zane z uruchomieniem nowej platformy udost\u0119pniania danych \u2013 Repozytorium Danych Spo\u0142ecznych (RDS) \u2013 kt\u00f3r\u0105 wsp\u00f3\u0142zarz\u0105dzaj\u0105 IFiS PAN i Uniwersytet Warszawski. Chcemy wi\u0119c przedstawi\u0107 uczestnikom Sympozjum \u201enow\u0105 twarz\u201d ADJ.<\/p>\n\n\n\n<p>W drugiej cz\u0119\u015bci naszego wyst\u0105pienia wska\u017cemy niekt\u00f3re szanse i wyzwania, jakie niesie ze sob\u0105 \u201ekultura post\u0119powania z danymi\u201d, upowszechniaj\u0105ca si\u0119 w Polsce m.in. dzi\u0119ki decyzjom NCN. Za szans\u0119 uwa\u017camy nag\u0142o\u015bnienie idei archiwizacji i udost\u0119pniania danych, do kt\u00f3rej jeste\u015bmy przekonani i na rzecz kt\u00f3rej przedstawimy argumenty. Widzimy natomiast kilka wyzwa\u0144, takich jak: brak koordynacji projekt\u00f3w s\u0142u\u017c\u0105cych tworzeniu repozytori\u00f3w danych, brak sta\u0142ego finansowania takich przedsi\u0119wzi\u0119\u0107, traktowanie (przez instytucje tworz\u0105ce polityki post\u0119powania z danymi) wszystkich danych badawczych jednakowo \u2013 niezale\u017cnie od dyscypliny naukowej i charakteru danych, brak wystarczaj\u0105cego wsparcia (szczeg\u00f3lnie finansowego i prawnego) dla badaczy chc\u0105cych archiwizowa\u0107 i udost\u0119pnia\u0107 dane jako\u015bciowe.<\/p>\n","protected":false},"excerpt":{"rendered":"<p>Wyst\u0105pienie na IX Transdyscyplinarnym Sympozjum Bada\u0144 Jako\u015bciowych, 8-9 czerwca 2021 r. \u2013 abstrakt Danuta \u017byczy\u0144ska-Cio\u0142ek, Magdalena Bieli\u0144ska, Piotr Filipkowski Instytut Filozofii i Socjologii PAN Udost\u0119pnianie danych z bada\u0144 jako\u015bciowych \u2013 mo\u017cliwo\u015bci, szanse i wyzwania Od 2019 r. Narodowe Centrum Nauki (NCN) wymaga, by kierowane do\u0144 wnioski grantowe zawiera\u0142y Plany Zarz\u0105dzania Danymi. W planach nale\u017cy m.in. &#8230; <a title=\"Udost\u0119pnianie danych z bada\u0144 jako\u015bciowych\" class=\"read-more\" href=\"https:\/\/adj.ifispan.pl\/index.php\/udostepnianie-danych-z-badan-jakosciowych\/\" aria-label=\"Dowiedz si\u0119 wi\u0119cej o Udost\u0119pnianie danych z bada\u0144 jako\u015bciowych\">Dowiedz si\u0119 wi\u0119cej<\/a><\/p>\n","protected":false},"author":3,"featured_media":0,"parent":0,"menu_order":0,"comment_status":"closed","ping_status":"closed","template":"","meta":{"footnotes":""},"class_list":["post-541","page","type-page","status-publish"],"_links":{"self":[{"href":"https:\/\/adj.ifispan.pl\/index.php\/wp-json\/wp\/v2\/pages\/541","targetHints":{"allow":["GET"]}}],"collection":[{"href":"https:\/\/adj.ifispan.pl\/index.php\/wp-json\/wp\/v2\/pages"}],"about":[{"href":"https:\/\/adj.ifispan.pl\/index.php\/wp-json\/wp\/v2\/types\/page"}],"author":[{"embeddable":true,"href":"https:\/\/adj.ifispan.pl\/index.php\/wp-json\/wp\/v2\/users\/3"}],"replies":[{"embeddable":true,"href":"https:\/\/adj.ifispan.pl\/index.php\/wp-json\/wp\/v2\/comments?post=541"}],"version-history":[{"count":1,"href":"https:\/\/adj.ifispan.pl\/index.php\/wp-json\/wp\/v2\/pages\/541\/revisions"}],"predecessor-version":[{"id":542,"href":"https:\/\/adj.ifispan.pl\/index.php\/wp-json\/wp\/v2\/pages\/541\/revisions\/542"}],"wp:attachment":[{"href":"https:\/\/adj.ifispan.pl\/index.php\/wp-json\/wp\/v2\/media?parent=541"}],"curies":[{"name":"wp","href":"https:\/\/api.w.org\/{rel}","templated":true}]}}