{"id":538,"date":"2021-06-05T12:56:56","date_gmt":"2021-06-05T10:56:56","guid":{"rendered":"https:\/\/adj.ifispan.pl\/?page_id=538"},"modified":"2021-06-05T12:56:56","modified_gmt":"2021-06-05T10:56:56","slug":"spotkania-po-latach","status":"publish","type":"page","link":"https:\/\/adj.ifispan.pl\/index.php\/spotkania-po-latach\/","title":{"rendered":"Spotkania po latach"},"content":{"rendered":"\n<p><em>Wyst\u0105pienie na IX Transdyscyplinarnym Sympozjum Bada\u0144 Jako\u015bciowych, 8-9 czerwca 2021 r. \u2013 abstrakt<\/em><\/p>\n\n\n\n<p>Magdalena Bieli\u0144ska, Danuta \u017byczy\u0144ska-Cio\u0142ek<\/p>\n\n\n\n<p>Instytut Filozofii i Socjologii PAN<\/p>\n\n\n\n<p><strong>Spotkania po latach: powroty do danych i uczestnik\u00f3w bada\u0144 jako\u015bciowych.<br>Kilka metodologicznych wyzwa\u0144 i pr\u00f3b sprostania im.<\/strong><\/p>\n\n\n\n<p>Badania jako\u015bciowe w swej szczeg\u00f3lnej postaci, jak\u0105 jest rozumiana r\u00f3\u017cnorako rewizyta, stanowi\u0105 ciekaw\u0105 propozycj\u0119 metodologiczn\u0105, cho\u0107 wi\u0105\u017c\u0105 si\u0119 te\u017c z zagro\u017ceniami, mog\u0105cymi skomplikowa\u0107 proces badawczy. Ze wzgl\u0119du na stosunkowo nisk\u0105 popularno\u015b\u0107 tego rodzaju bada\u0144, w Polsce wci\u0105\u017c ma\u0142a jest \u015bwiadomo\u015b\u0107 problem\u00f3w metodologicznych z nimi zwi\u0105zanych.<\/p>\n\n\n\n<p>Przedstawione w referacie do\u015bwiadczenia s\u0105 efektem realizowanego obecnie projektu pn. \u201ePrzemiany stylu \u017cycia polskiej klasy \u015bredniej \u2013 dwadzie\u015bcia lat p\u00f3\u017aniej. Mechanizmy mi\u0119dzypokoleniowej transmisji stylu \u017cycia&#8221; (grant NCN, 2018\/29\/N\/HS6\/00958). Wyst\u0105pienie koncentruje si\u0119 na rewizycie rozumianej jako (a) reanaliza \u201estarych&#8221; wywiad\u00f3w oraz (b) wywiady ponowne ze \u201estarymi&#8221; badanymi. W odniesieniu do tych procedur dyskutujemy kilka w\u0105tk\u00f3w, kt\u00f3re szczeg\u00f3lnie silnie wp\u0142ywaj\u0105 na spos\u00f3b post\u0119powania badawczo-analitycznego, a jednocze\u015bnie koresponduj\u0105 z zawartymi w opisie grupy tematycznej zagadnieniami:<\/p>\n\n\n\n<p>a) z rewizyt\u0105 jako (po)wt\u00f3rn\u0105 analiz\u0105 jako\u015bciowych danych zastanych (tu: pozyskanych w poprzednim badaniu) zwi\u0105zane s\u0105 dylematy dotycz\u0105ce m.in. dost\u0119pu do tych danych, wgl\u0105du w kontekst badania pierwotnego, sposob\u00f3w selekcji materia\u0142\u00f3w do analiz powt\u00f3rnych, wierno\u015bci interpretacyjnej (fidelity) czy dopasowania (odpowiednio\u015bci) danych do nowych pyta\u0144 badawczych (fit),<\/p>\n\n\n\n<p>b) rewizyty badawcze do \u201estarych&#8221; badanych wi\u0105\u017c\u0105 si\u0119 z rozstrzygni\u0119ciami dotycz\u0105cymi m.in. kontaktu z samymi badanymi, jak i \u201estra\u017cnikami&#8221; kontaktu z nimi. Prowadzone w specyficznej pandemicznej sytuacji, rewizyty te wymaga\u0142y modyfikacji planu badawczego, co mo\u017ce wp\u0142yn\u0105\u0107 na przysz\u0142e interpretacje i ustalenia.<\/p>\n\n\n\n<p>Zasygnalizowane do\u015bwiadczenia sk\u0142adaj\u0105 si\u0119 na nie\u0142atwy proces badawczy, kt\u00f3ry jednak \u2013 summa summarum \u2013 wskazuje na potencja\u0142 tego rodzaju bada\u0144 jako\u015bciowych.<\/p>\n","protected":false},"excerpt":{"rendered":"<p>Wyst\u0105pienie na IX Transdyscyplinarnym Sympozjum Bada\u0144 Jako\u015bciowych, 8-9 czerwca 2021 r. \u2013 abstrakt Magdalena Bieli\u0144ska, Danuta \u017byczy\u0144ska-Cio\u0142ek Instytut Filozofii i Socjologii PAN Spotkania po latach: powroty do danych i uczestnik\u00f3w bada\u0144 jako\u015bciowych.Kilka metodologicznych wyzwa\u0144 i pr\u00f3b sprostania im. Badania jako\u015bciowe w swej szczeg\u00f3lnej postaci, jak\u0105 jest rozumiana r\u00f3\u017cnorako rewizyta, stanowi\u0105 ciekaw\u0105 propozycj\u0119 metodologiczn\u0105, cho\u0107 wi\u0105\u017c\u0105 &#8230; <a title=\"Spotkania po latach\" class=\"read-more\" href=\"https:\/\/adj.ifispan.pl\/index.php\/spotkania-po-latach\/\" aria-label=\"Dowiedz si\u0119 wi\u0119cej o Spotkania po latach\">Dowiedz si\u0119 wi\u0119cej<\/a><\/p>\n","protected":false},"author":3,"featured_media":0,"parent":0,"menu_order":0,"comment_status":"closed","ping_status":"closed","template":"","meta":{"footnotes":""},"class_list":["post-538","page","type-page","status-publish"],"_links":{"self":[{"href":"https:\/\/adj.ifispan.pl\/index.php\/wp-json\/wp\/v2\/pages\/538","targetHints":{"allow":["GET"]}}],"collection":[{"href":"https:\/\/adj.ifispan.pl\/index.php\/wp-json\/wp\/v2\/pages"}],"about":[{"href":"https:\/\/adj.ifispan.pl\/index.php\/wp-json\/wp\/v2\/types\/page"}],"author":[{"embeddable":true,"href":"https:\/\/adj.ifispan.pl\/index.php\/wp-json\/wp\/v2\/users\/3"}],"replies":[{"embeddable":true,"href":"https:\/\/adj.ifispan.pl\/index.php\/wp-json\/wp\/v2\/comments?post=538"}],"version-history":[{"count":1,"href":"https:\/\/adj.ifispan.pl\/index.php\/wp-json\/wp\/v2\/pages\/538\/revisions"}],"predecessor-version":[{"id":539,"href":"https:\/\/adj.ifispan.pl\/index.php\/wp-json\/wp\/v2\/pages\/538\/revisions\/539"}],"wp:attachment":[{"href":"https:\/\/adj.ifispan.pl\/index.php\/wp-json\/wp\/v2\/media?parent=538"}],"curies":[{"name":"wp","href":"https:\/\/api.w.org\/{rel}","templated":true}]}}