{"id":182,"date":"2020-04-28T08:57:31","date_gmt":"2020-04-28T06:57:31","guid":{"rendered":"http:\/\/adj-info.ocean.icm.edu.pl\/?page_id=182"},"modified":"2021-01-08T09:34:11","modified_gmt":"2021-01-08T08:34:11","slug":"partnerzy","status":"publish","type":"page","link":"https:\/\/adj.ifispan.pl\/index.php\/partnerzy\/","title":{"rendered":"Partnerzy"},"content":{"rendered":"\n<p>Aktualnie Archiwum Danych Jako\u015bciowych IFiS PAN wsp\u00f3\u0142pracuje z Uniwersytetem Warszawskim \u2013 w szczeg\u00f3lno\u015bci z <a rel=\"noreferrer noopener\" href=\"https:\/\/icm.edu.pl\/\" target=\"_blank\">Interdyscyplinarnym Centrum Modelowania Matematycznego i Komputerowego (ICM UW)<\/a> i\u00a0<a rel=\"noreferrer noopener\" href=\"http:\/\/iss.uw.edu.pl\/\" target=\"_blank\">Instytutem Studi\u00f3w Spo\u0142ecznych (ISS UW)<\/a> \u2013 oraz <a rel=\"noreferrer noopener\" href=\"https:\/\/amu.edu.pl\/\" target=\"_blank\">Uniwersytetem im. Adama Mickiewicza w Poznaniu<\/a> przy realizacji projektu <a href=\"https:\/\/drodb.icm.edu.pl\/\" target=\"_blank\" rel=\"noreferrer noopener\">Dziedzinowe Repozytoria Otwartych Danych Badawczych<\/a> (DRODB).<\/p>\n\n\n\n<p>Inne o\u015brodki i zespo\u0142y, z kt\u00f3rymi \u0142\u0105czy nas wsp\u00f3\u0142praca (aktualna lub niedawna), to przede wszystkim:<\/p>\n\n\n\n<ul class=\"wp-block-list\"><li>zesp\u00f3\u0142 Archiwum Danych Spo\u0142ecznych (ilo\u015bciowych),<\/li><li>Archiwum Bada\u0144 nad \u017byciem Codziennym (UAM w Poznaniu),<\/li><li>Instytut Studi\u00f3w Politycznych PAN,<\/li><li>Dom Spotka\u0144 z Histori\u0105,<\/li><li>UK Data Archive, University of Essex, Wielka Brytania,<\/li><li>Zentrum f\u00fcr Zeithistorische Forschung, Potsdam, Niemcy.<\/li><\/ul>\n\n\n\n<p><\/p>\n","protected":false},"excerpt":{"rendered":"<p>Aktualnie Archiwum Danych Jako\u015bciowych IFiS PAN wsp\u00f3\u0142pracuje z Uniwersytetem Warszawskim \u2013 w szczeg\u00f3lno\u015bci z Interdyscyplinarnym Centrum Modelowania Matematycznego i Komputerowego (ICM UW) i\u00a0Instytutem Studi\u00f3w Spo\u0142ecznych (ISS UW) \u2013 oraz Uniwersytetem im. Adama Mickiewicza w Poznaniu przy realizacji projektu Dziedzinowe Repozytoria Otwartych Danych Badawczych (DRODB). Inne o\u015brodki i zespo\u0142y, z kt\u00f3rymi \u0142\u0105czy nas wsp\u00f3\u0142praca (aktualna lub &#8230; <a title=\"Partnerzy\" class=\"read-more\" href=\"https:\/\/adj.ifispan.pl\/index.php\/partnerzy\/\" aria-label=\"Dowiedz si\u0119 wi\u0119cej o Partnerzy\">Dowiedz si\u0119 wi\u0119cej<\/a><\/p>\n","protected":false},"author":4,"featured_media":0,"parent":0,"menu_order":0,"comment_status":"closed","ping_status":"closed","template":"","meta":{"footnotes":""},"class_list":["post-182","page","type-page","status-publish"],"_links":{"self":[{"href":"https:\/\/adj.ifispan.pl\/index.php\/wp-json\/wp\/v2\/pages\/182","targetHints":{"allow":["GET"]}}],"collection":[{"href":"https:\/\/adj.ifispan.pl\/index.php\/wp-json\/wp\/v2\/pages"}],"about":[{"href":"https:\/\/adj.ifispan.pl\/index.php\/wp-json\/wp\/v2\/types\/page"}],"author":[{"embeddable":true,"href":"https:\/\/adj.ifispan.pl\/index.php\/wp-json\/wp\/v2\/users\/4"}],"replies":[{"embeddable":true,"href":"https:\/\/adj.ifispan.pl\/index.php\/wp-json\/wp\/v2\/comments?post=182"}],"version-history":[{"count":9,"href":"https:\/\/adj.ifispan.pl\/index.php\/wp-json\/wp\/v2\/pages\/182\/revisions"}],"predecessor-version":[{"id":355,"href":"https:\/\/adj.ifispan.pl\/index.php\/wp-json\/wp\/v2\/pages\/182\/revisions\/355"}],"wp:attachment":[{"href":"https:\/\/adj.ifispan.pl\/index.php\/wp-json\/wp\/v2\/media?parent=182"}],"curies":[{"name":"wp","href":"https:\/\/api.w.org\/{rel}","templated":true}]}}