{"id":180,"date":"2020-04-28T08:55:54","date_gmt":"2020-04-28T06:55:54","guid":{"rendered":"http:\/\/adj-info.ocean.icm.edu.pl\/?page_id=180"},"modified":"2021-01-07T13:49:29","modified_gmt":"2021-01-07T12:49:29","slug":"historia","status":"publish","type":"page","link":"https:\/\/adj.ifispan.pl\/index.php\/historia\/","title":{"rendered":"Historia"},"content":{"rendered":"\n<p>Inicjatywa powo\u0142ania cyfrowego archiwum socjologicznych danych jako\u015bciowych pojawi\u0142a si\u0119 w \u015brodowisku badaczy zwi\u0105zanych z Instytutem Filozofii i Socjologii PAN w 2005, ale dopiero wsparcie Narodowego Programu Rozwoju Humanistyki umo\u017cliwi\u0142o pe\u0142n\u0105 realizacj\u0119 tego pomys\u0142u. W latach 2013 &#8211; 2021 dzia\u0142a\u0142a pierwsza wersja infrastruktury Archiwum, wypracowano zasady opracowania i udost\u0119pniania zbior\u00f3w, powsta\u0142a r\u00f3wnie\u017c spo\u0142eczno\u015b\u0107 u\u017cytkownik\u00f3w. Kolejny etap rozpocz\u0105\u0142 si\u0119 w 2018 roku, kiedy IFiS PAN wzi\u0105\u0142 udzia\u0142 w projekcie \u201eDziedzinowe Repozytoria Otwartych Danych Badawczych\u201d, finansowanym ze \u015brodk\u00f3w Unii Europejskiej (lider projektu: Uniwersytet Warszawski, lata realizacji: 2018\u20132021). Powsta\u0142a w\u00f3wczas nowa infrastruktura, na kt\u00f3rej dzia\u0142a ADJ.<\/p>\n","protected":false},"excerpt":{"rendered":"<p>Inicjatywa powo\u0142ania cyfrowego archiwum socjologicznych danych jako\u015bciowych pojawi\u0142a si\u0119 w \u015brodowisku badaczy zwi\u0105zanych z Instytutem Filozofii i Socjologii PAN w 2005, ale dopiero wsparcie Narodowego Programu Rozwoju Humanistyki umo\u017cliwi\u0142o pe\u0142n\u0105 realizacj\u0119 tego pomys\u0142u. W latach 2013 &#8211; 2021 dzia\u0142a\u0142a pierwsza wersja infrastruktury Archiwum, wypracowano zasady opracowania i udost\u0119pniania zbior\u00f3w, powsta\u0142a r\u00f3wnie\u017c spo\u0142eczno\u015b\u0107 u\u017cytkownik\u00f3w. Kolejny etap &#8230; <a title=\"Historia\" class=\"read-more\" href=\"https:\/\/adj.ifispan.pl\/index.php\/historia\/\" aria-label=\"Dowiedz si\u0119 wi\u0119cej o Historia\">Dowiedz si\u0119 wi\u0119cej<\/a><\/p>\n","protected":false},"author":4,"featured_media":0,"parent":0,"menu_order":0,"comment_status":"closed","ping_status":"closed","template":"","meta":{"footnotes":""},"class_list":["post-180","page","type-page","status-publish"],"_links":{"self":[{"href":"https:\/\/adj.ifispan.pl\/index.php\/wp-json\/wp\/v2\/pages\/180","targetHints":{"allow":["GET"]}}],"collection":[{"href":"https:\/\/adj.ifispan.pl\/index.php\/wp-json\/wp\/v2\/pages"}],"about":[{"href":"https:\/\/adj.ifispan.pl\/index.php\/wp-json\/wp\/v2\/types\/page"}],"author":[{"embeddable":true,"href":"https:\/\/adj.ifispan.pl\/index.php\/wp-json\/wp\/v2\/users\/4"}],"replies":[{"embeddable":true,"href":"https:\/\/adj.ifispan.pl\/index.php\/wp-json\/wp\/v2\/comments?post=180"}],"version-history":[{"count":3,"href":"https:\/\/adj.ifispan.pl\/index.php\/wp-json\/wp\/v2\/pages\/180\/revisions"}],"predecessor-version":[{"id":340,"href":"https:\/\/adj.ifispan.pl\/index.php\/wp-json\/wp\/v2\/pages\/180\/revisions\/340"}],"wp:attachment":[{"href":"https:\/\/adj.ifispan.pl\/index.php\/wp-json\/wp\/v2\/media?parent=180"}],"curies":[{"name":"wp","href":"https:\/\/api.w.org\/{rel}","templated":true}]}}