{"id":126,"date":"2020-04-27T15:00:51","date_gmt":"2020-04-27T13:00:51","guid":{"rendered":"http:\/\/adj-info.ocean.icm.edu.pl\/?page_id=126"},"modified":"2025-04-14T13:19:19","modified_gmt":"2025-04-14T11:19:19","slug":"inne","status":"publish","type":"page","link":"https:\/\/adj.ifispan.pl\/index.php\/inne\/","title":{"rendered":"Inne"},"content":{"rendered":"\n<p><a href=\"https:\/\/adj.ifispan.pl\/wp-content\/uploads\/2022\/02\/formularz_zgody_osoby_badanej_2022-2.docx\" data-type=\"URL\" data-id=\"https:\/\/adj.ifispan.pl\/wp-content\/uploads\/2022\/02\/formularz_zgody_osoby_badanej_2022-2.docx\" target=\"_blank\" rel=\"noreferrer noopener\">Wz\u00f3r zgody<\/a> Rozm\u00f3wcy na wzi\u0119cie udzia\u0142u w badaniu, nagranie wywiadu oraz jego p\u00f3\u017aniejsze udost\u0119pnienie.<\/p>\n\n\n\n<p>Publikacje dost\u0119pne na Platformie Otwartej Nauki:<\/p>\n\n\n\n<p><\/p>\n\n\n\n<ul class=\"wp-block-list\">\n<li><a href=\"https:\/\/pon.edu.pl\/images\/2025\/poradnikv2.pdf\" target=\"_blank\" rel=\"noreferrer noopener\">Zarz\u0105dzanie danymi badawczymi<\/a>,<\/li>\n\n\n\n<li><a href=\"https:\/\/pon.edu.pl\/images\/dspace\/Selekcja_i_przygotowanie_danych_badawczych_do_udostepnienia.pdf\" target=\"_blank\" rel=\"noreferrer noopener\">Selekcja i przygotowanie danych badawczych do udost\u0119pniania<\/a>,<\/li>\n\n\n\n<li><a href=\"https:\/\/pon.edu.pl\/images\/dspace\/Jak_korzystac_z_zasobow.pdf\" target=\"_blank\" rel=\"noreferrer noopener\">Jak korzysta\u0107 z zasob\u00f3w w repozytoriach danych<\/a>,<\/li>\n\n\n\n<li><a href=\"https:\/\/pon.edu.pl\/images\/dspace\/Prawne_aspekty_otwierania_danych.pdf\" target=\"_blank\" rel=\"noreferrer noopener\">Prawne aspekty otwierania danych badawczych \u2013 poradnik<\/a>.<\/li>\n<\/ul>\n\n\n\n<p>Dokumenty wspieraj\u0105ce udost\u0119pnianie danych badawczych w Polsce:<\/p>\n\n\n\n<ul class=\"wp-block-list\">\n<li><a href=\"https:\/\/isap.sejm.gov.pl\/isap.nsf\/download.xsp\/WDU20210001641\/U\/D20211641Lj.pdf\" target=\"_blank\" rel=\"noreferrer noopener\">Ustawa o otwartych danych i ponownym wykorzystywaniu informacji sektora publicznego<\/a> &#8211; tekst ujednolicony,<\/li>\n\n\n\n<li><a href=\"https:\/\/www.ncn.gov.pl\/sites\/default\/files\/pliki\/regulaminy\/wytyczne_zarzadzanie_danymi.pdf\" target=\"_blank\" rel=\"noreferrer noopener\">Wytyczne<\/a> Narodowego Centrum Nauki dotycz\u0105ce Planu Zarz\u0105dzania Danymi w projekcie badawczym.<\/li>\n<\/ul>\n\n\n\n<p>Mi\u0119dzynarodowe wyszukiwarki repozytori\u00f3w danych badawczych:<\/p>\n\n\n\n<ul class=\"wp-block-list\">\n<li>Repozytoria posiadaj\u0105ce certyfikat <a href=\"https:\/\/www.coretrustseal.org\/why-certification\/certified-repositories\/\" target=\"_blank\" rel=\"noreferrer noopener\">Core Trust Seal<\/a>,<\/li>\n\n\n\n<li>Wyszukiwarka <a href=\"https:\/\/www.re3data.org\/\" target=\"_blank\" rel=\"noreferrer noopener\">Re3data<\/a>.<\/li>\n<\/ul>\n\n\n\n<p>Wi\u0119cej o zasadach <a rel=\"noreferrer noopener\" href=\"https:\/\/www.go-fair.org\/\" target=\"_blank\">FAIR<\/a>, czyli o tym, jak sprawi\u0107, by dane badawcze by\u0142y \u0142atwe do znalezienia (<strong>f<\/strong>indable), dost\u0119pne (<strong>a<\/strong>ccessible), intereoperacyjne (<strong>i<\/strong>nteroperable) i mo\u017cliwe do ponownego wykorzystania (<strong>r<\/strong>eusable).<\/p>\n\n\n\n<p>Mi\u0119dzynarodowe inicjatywy na rzecz udost\u0119pniania danych badawczych:<\/p>\n\n\n\n<ul class=\"wp-block-list\">\n<li><a href=\"http:\/\/www.dcc.ac.uk\/\" target=\"_blank\" rel=\"noreferrer noopener\">Digital Curation Centre (DCC)<\/a>,<\/li>\n\n\n\n<li><a href=\"https:\/\/www.rd-alliance.org\/\" target=\"_blank\" rel=\"noreferrer noopener\">Research Data Alliance (RDA)<\/a>,<\/li>\n\n\n\n<li><a href=\"https:\/\/codata.org\" target=\"_blank\" rel=\"noreferrer noopener\">CODATA<\/a>.<\/li>\n<\/ul>\n\n\n\n<p>Europejskie konsorcjum archiw\u00f3w gromadz\u0105cych dane z bada\u0144 spo\u0142ecznych: <a rel=\"noreferrer noopener\" href=\"https:\/\/www.cessda.eu\/\" target=\"_blank\">The Consortium of European Social Science Data Archives (CESSDA)<\/a>.<\/p>\n","protected":false},"excerpt":{"rendered":"<p>Wz\u00f3r zgody Rozm\u00f3wcy na wzi\u0119cie udzia\u0142u w badaniu, nagranie wywiadu oraz jego p\u00f3\u017aniejsze udost\u0119pnienie. Publikacje dost\u0119pne na Platformie Otwartej Nauki: Dokumenty wspieraj\u0105ce udost\u0119pnianie danych badawczych w Polsce: Mi\u0119dzynarodowe wyszukiwarki repozytori\u00f3w danych badawczych: Wi\u0119cej o zasadach FAIR, czyli o tym, jak sprawi\u0107, by dane badawcze by\u0142y \u0142atwe do znalezienia (findable), dost\u0119pne (accessible), intereoperacyjne (interoperable) i mo\u017cliwe &#8230; <a title=\"Inne\" class=\"read-more\" href=\"https:\/\/adj.ifispan.pl\/index.php\/inne\/\" aria-label=\"Dowiedz si\u0119 wi\u0119cej o Inne\">Dowiedz si\u0119 wi\u0119cej<\/a><\/p>\n","protected":false},"author":4,"featured_media":0,"parent":0,"menu_order":0,"comment_status":"closed","ping_status":"closed","template":"","meta":{"footnotes":""},"class_list":["post-126","page","type-page","status-publish"],"_links":{"self":[{"href":"https:\/\/adj.ifispan.pl\/index.php\/wp-json\/wp\/v2\/pages\/126","targetHints":{"allow":["GET"]}}],"collection":[{"href":"https:\/\/adj.ifispan.pl\/index.php\/wp-json\/wp\/v2\/pages"}],"about":[{"href":"https:\/\/adj.ifispan.pl\/index.php\/wp-json\/wp\/v2\/types\/page"}],"author":[{"embeddable":true,"href":"https:\/\/adj.ifispan.pl\/index.php\/wp-json\/wp\/v2\/users\/4"}],"replies":[{"embeddable":true,"href":"https:\/\/adj.ifispan.pl\/index.php\/wp-json\/wp\/v2\/comments?post=126"}],"version-history":[{"count":13,"href":"https:\/\/adj.ifispan.pl\/index.php\/wp-json\/wp\/v2\/pages\/126\/revisions"}],"predecessor-version":[{"id":1056,"href":"https:\/\/adj.ifispan.pl\/index.php\/wp-json\/wp\/v2\/pages\/126\/revisions\/1056"}],"wp:attachment":[{"href":"https:\/\/adj.ifispan.pl\/index.php\/wp-json\/wp\/v2\/media?parent=126"}],"curies":[{"name":"wp","href":"https:\/\/api.w.org\/{rel}","templated":true}]}}