{"id":123,"date":"2020-04-27T15:00:51","date_gmt":"2020-04-27T13:00:51","guid":{"rendered":"http:\/\/adj-info.ocean.icm.edu.pl\/?page_id=123"},"modified":"2025-04-16T12:36:49","modified_gmt":"2025-04-16T10:36:49","slug":"publikacje","status":"publish","type":"page","link":"https:\/\/adj.ifispan.pl\/index.php\/publikacje\/","title":{"rendered":"Publikacje"},"content":{"rendered":"\n<p>Publikacje zwi\u0105zane z archiwizacj\u0105 i ponownym wykorzystaniem spo\u0142ecznych danych jako\u015bciowych, powsta\u0142e w ramach prac zespo\u0142u ADJ IFiS PAN lub w efekcie zorganizowanych przez Archiwum konferencji:<\/p>\n\n\n\n<p>\u017byczy\u0144ska-Cio\u0142ek, Danuta. 2025. \u201eArchiwizacja i udost\u0119pnianie danych jako\u015bciowych z bada\u0144 spo\u0142ecznych: wybrane aspekty etyczne\u201d. W <em>Etyczny wymiar jako\u015bciowych bada\u0144 spo\u0142ecznych. Do\u015bwiadczenia, dylematy, refleksje<\/em>, red. K. Piotrowski i K. Ro\u017cniatowska, 265\u2013291. Krak\u00f3w: Universitas.<\/p>\n\n\n\n<p> Melon, Maciej, Danuta \u017byczy\u0144ska-Cio\u0142ek. 2021.  \u201e<a rel=\"noreferrer noopener\" href=\"http:\/\/ebibojs.pl\/index.php\/ebib\/article\/view\/764\" data-type=\"URL\" data-id=\"http:\/\/ebibojs.pl\/index.php\/ebib\/article\/view\/764\" target=\"_blank\">Archiwum Danych Jako\u015bciowych IFIS PAN w nowej ods\u0142onie<\/a>\u201d. <em>Biuletyn EBIB<\/em> 200.  <\/p>\n\n\n\n<p>Zesp\u00f3\u0142 Archiwum Danych Jako\u015bciowych przy IFiS PAN. 2019. \u201eArchiwum Danych Jako\u015bciowych przy IFiS PAN\u201d. <em>Kultura i Spo\u0142ecze\u0144stwo<\/em> 63(1): 83\u201388.<\/p>\n\n\n\n<p>Karkowska, Marta, Magdalena Bieli\u0144ska. 2019. \u201ePo co nam \u2018stare wywiady\u2019? O ponownym wykorzystaniu danych z bada\u0144 jako\u015bciowych (rewizytach, reanalizach i nie tylko)\u201d. <em>Przegl\u0105d Socjologii Jako\u015bciowej<\/em> 15(2): 12\u201339. <a href=\"http:\/\/dx.doi.org\/10.18778\/1733-8069.15.2.02\">http:\/\/dx.doi.org\/10.18778\/1733-8069.15.2.02<\/a><\/p>\n\n\n\n<p>Filipkowski, Piotr, Marta Karkowska, Justyna Straczuk, Danuta \u017byczy\u0144ska-Cio\u0142ek (red.). 2019. \u201eWok\u00f3\u0142 rewizyt badawczych i reinterpretacji socjologicznych danych jako\u015bciowych\u201d. <em>Przegl\u0105d Socjologii Jako\u015bciowej<\/em> 15(1). [numer specjalny PSJ]<\/p>\n\n\n\n<p>Filipkowski, Piotr, Marta Karkowska, Justyna Straczuk, Danuta \u017byczy\u0144ska-Cio\u0142ek. 2019. \u201eOd redaktor\u00f3w: Wok\u00f3\u0142 rewizyt badawczych i reinterpretacji socjologicznych danych jako\u015bciowych\u201d. <em>Przegl\u0105d Socjologii Jako\u015bciowej<\/em> 15(1): 6\u201313. <a href=\"http:\/\/dx.doi.org\/10.18778\/1733-8069.15.1.01\">http:\/\/dx.doi.org\/10.18778\/1733-8069.15.1.01<\/a><\/p>\n\n\n\n<p>Gray, Jane. 2019. \u201eExplaining Macro-Social Change With Archived Data: Reading Against the Grain.\u201d&nbsp;<em>Przegl\u0105d Socjologii Jako\u015bciowej<\/em>&nbsp;15(1): 14\u201331. <a href=\"https:\/\/doi.org\/10.18778\/1733-8069.15.1.02\">https:\/\/doi.org\/10.18778\/1733-8069.15.1.02<\/a><\/p>\n\n\n\n<p>Courage, Fiona. 2019. \u201eUsing the Mass Observation Project: A Case Study in the Practice of Reusing Data.\u201d&nbsp;<em>Przegl\u0105d Socjologii Jako\u015bciowej<\/em>&nbsp;15(1): 32\u201340. <a href=\"https:\/\/doi.org\/10.18778\/1733-8069.15.1.03\">https:\/\/doi.org\/10.18778\/1733-8069.15.1.03<\/a><\/p>\n\n\n\n<p>Kapralski, S\u0142awomir, Dariusz Nied\u017awiedzki, Jacek Nowak. 2019. \u201eCzy mo\u017cna wej\u015b\u0107 dwa razy do tej samej rzeki? Polska pami\u0119\u0107 o \u017bydach i Zag\u0142adzie 25 lat p\u00f3\u017aniej\u201d.&nbsp;<em>Przegl\u0105d Socjologii Jako\u015bciowej<\/em>&nbsp;15 (1): 42\u201370. <a href=\"https:\/\/doi.org\/10.18778\/1733-8069.15.1.04\">https:\/\/doi.org\/10.18778\/1733-8069.15.1.04<\/a><\/p>\n\n\n\n<p>Br\u00fcckweh, Kerstin, Kathrin Z\u00f6ller. 2019. \u201eTransformation Research and the Longue Dur\u00e9e of 1989: Combining Qualitative and Quantitative Data.\u201d&nbsp;<em>Przegl\u0105d Socjologii Jako\u015bciowej<\/em>&nbsp;15(1): 72\u201391. <a href=\"https:\/\/doi.org\/10.18778\/1733-8069.15.1.05\">https:\/\/doi.org\/10.18778\/1733-8069.15.1.05<\/a><\/p>\n\n\n\n<p>Filipkowski, Piotr, Justyna Straczuk. 2017. \u201eRevisiting the \u2018Lifestyle\u2019 Research and Creating a Qualitative Data Archive in Poland.\u201d W <em>Research Data Management \u2013 An European Perspective<\/em>, red. F. Kruse i J. B. Thestrup, 103\u2013118. Berlin: de Gruyter.<\/p>\n\n\n\n<p>Filipkowski, Piotr. 2015. \u201eArchiwizacja, reanaliza, rewizyta. O nowych poj\u0119ciach i nowych podej\u015bciach w badaniach jako\u015bciowych\u201d. <em>Kultura i Spo\u0142ecze\u0144stwo<\/em> 59(3): 3\u201330.<\/p>\n\n\n\n<p>Mazurek, Ma\u0142gorzata. 2015. \u201eRewizyta etnograficzna. Jak si\u0119 wytwarza wiedz\u0119 socjologiczn\u0105.\u201d <em>Kultura i Spo\u0142ecze\u0144stwo<\/em> 59(3): 31\u201362.<\/p>\n\n\n\n<p>Straczuk, Justyna. 2015. \u201eAndrzeja Sici\u0144skiego badania styl\u00f3w \u017cycia \u2013 spojrzenie z dystansu\u201d. <em>Kultura i Spo\u0142ecze\u0144stwo<\/em> 59(3): 63\u201383.<\/p>\n\n\n\n<p>G\u00e1rdos,<strong> <\/strong>Judit. 2015. \u201eJak u\u0142o\u017cy\u0107 puzzle? Badania nad kultura w\u0119gierskich robotnik\u00f3w z po\u0142owy lat siedemdziesi\u0105tych XX wieku i kilka zagadnie\u0144 epistemologicznych\u201d.<em> Kultura i Spo\u0142ecze\u0144stwo<\/em> 59(3): 113\u2013120.<\/p>\n\n\n\n<p>Karkowska, Marta. 2015. \u201eEuropejskie archiwa danych jako\u015bciowych\u201d. <em>Kultura i Spo\u0142ecze\u0144stwo <\/em>59(3): 121\u2013138.<\/p>\n\n\n\n<p>\u017byczy\u0144ska-Cio\u0142ek, Danuta. 2015. \u201eDane jako\u015bciowe w naukach spo\u0142ecznych \u2013 archiwizacja i ponowne wykorzystanie. Relacja z konferencji \u2018Sociological Qualitative Data as Testimonies of Their Time and Documents of the Discipline\u2019, Instytut Filozofii o Socjologii PAN, Warszawa 2015\u201d. <em>Kultura i Spo\u0142ecze\u0144stwo<\/em> 59(3): 241 \u2013 245.<\/p>\n\n\n\n<p>Straczuk, Justyna i Piotr Filipkowski. 2014. \u201e<a href=\"http:\/\/cejsh.icm.edu.pl\/cejsh\/element\/bwmeta1.element.desklight-1321e0cf-485b-40bc-8140-0fddcacc040a?q=bwmeta1.element.cejsh-9c55e294-be8f-4560-8604-06a6c527ab93;6&amp;qt=CHILDREN-STATELESS\">Archiwizacja danych jako\u015bciowych. Wprowadzenie<\/a>\u201d. <em>Studia Socjologiczne<\/em> 214: 161\u2013166.<\/p>\n\n\n\n<p>Bishop, Libby. 2014. \u201e<a href=\"http:\/\/cejsh.icm.edu.pl\/cejsh\/element\/bwmeta1.element.desklight-657a6a2d-6222-4613-a6f3-85e17b08f124?q=4722812a-3883-4e06-bb3f-0ea79ad8bc8a$1&amp;qt=IN_PAGE\">Re-using Qualitative Data: A Little Evidence, On-going Issues and Modest Reflections<\/a>.\u201d <em>Studia Socjologiczne<\/em> 214: 167\u2013176.<\/p>\n\n\n\n<p>Mauthner, Natasha S. 2014. \u201e<a href=\"http:\/\/cejsh.icm.edu.pl\/cejsh\/element\/bwmeta1.element.desklight-c3c55cf6-6341-4e60-a434-1c6a358a5082?q=62aaaa06-9d02-4dd8-9e2c-863f3985fdcd$1&amp;qt=IN_PAGE\">Digital Data Sharing: A Genealogical and Performative Perspective<\/a>.\u201d <em>Studia Socjologiczne<\/em> 214: 177\u2013186.<\/p>\n\n\n\n<p>Geraghty, Ruth. 2014. \u201e<a href=\"http:\/\/cejsh.icm.edu.pl\/cejsh\/element\/bwmeta1.element.desklight-9fefb8c4-0b84-445c-9d03-1aa83c5d80bb?q=cabb3f05-e552-476f-b54b-da8a73126bc1$1&amp;qt=IN_PAGE\">Attitudes to Qualitative Archiving in Ireland: Findings from a Consultation with the Irish Social Science Community<\/a>.\u201d <em>Studia Socjologiczne<\/em> 214: 187\u2013201.<\/p>\n\n\n\n<p>Andrejuk, Katarzyna. 2014. \u201e<a href=\"http:\/\/cejsh.icm.edu.pl\/cejsh\/element\/bwmeta1.element.desklight-054821c9-60bc-4032-a88c-9546a15edf0b?q=6f5a2753-f684-4e18-b5ba-6d316d26d10d$1&amp;qt=IN_PAGE\">Prawne i etyczne aspekty archiwizacji bada\u0144 socjologicznych<\/a>\u201d. <em>Studia Socjologiczne<\/em> 214: 203\u2013220.<\/p>\n\n\n\n<p>Ka\u017amierska, Kaja. 2014. \u201e<a href=\"http:\/\/cejsh.icm.edu.pl\/cejsh\/element\/bwmeta1.element.desklight-327e2e87-7126-4942-b19b-8360bfa70461?q=d1a3470f-c037-41e2-a100-ba9c7b426c5b$1&amp;qt=IN_PAGE\">Autobiograficzny wywiad narracyjny \u2013 kwestie etyczne i metodologiczne w kontek\u015bcie archiwizacji narracji<\/a>.\u201d <em>Studia Socjologiczne<\/em> 214: 221\u2013238.<\/p>\n\n\n\n<p>Kajta, Justyna, Adam Mrozowicki. 2014. \u201e<a href=\"http:\/\/cejsh.icm.edu.pl\/cejsh\/element\/bwmeta1.element.desklight-f7b6bcb4-8118-4137-83ec-ddf2ee6282bf?q=ef791ffb-3dd7-400f-8cb0-9ffc1d6d3839$1&amp;qt=IN_PAGE\">Strategie \u017cyciowe robotnik\u00f3w po 1989 roku \u2013 praktyczne i etyczne wyzwania archiwizacji kolekcji danych biograficznych<\/a>\u201d. <em>Studia Socjologiczne<\/em> 214: 239\u2013255.<\/p>\n\n\n\n<p>Karkowska, Marta. 2014. \u201eBadacz w archiwum danych jako\u015bciowych\u201d. W <em>Historia m\u00f3wiona w kr\u0119gu nauk humanistycznych i spo\u0142ecznych<\/em>, red. S. Niebrzegowska-Bartmi\u0144ska, J. Szadura, M. Szumi\u0142o, przy udziale J. K\u0142apcia, 225\u2013240. Lublin: Wydawnictwo Uniwersytetu Marii Curie-Sk\u0142odowskiej.<\/p>\n","protected":false},"excerpt":{"rendered":"<p>Publikacje zwi\u0105zane z archiwizacj\u0105 i ponownym wykorzystaniem spo\u0142ecznych danych jako\u015bciowych, powsta\u0142e w ramach prac zespo\u0142u ADJ IFiS PAN lub w efekcie zorganizowanych przez Archiwum konferencji: \u017byczy\u0144ska-Cio\u0142ek, Danuta. 2025. \u201eArchiwizacja i udost\u0119pnianie danych jako\u015bciowych z bada\u0144 spo\u0142ecznych: wybrane aspekty etyczne\u201d. W Etyczny wymiar jako\u015bciowych bada\u0144 spo\u0142ecznych. Do\u015bwiadczenia, dylematy, refleksje, red. K. Piotrowski i K. Ro\u017cniatowska, 265\u2013291. &#8230; <a title=\"Publikacje\" class=\"read-more\" href=\"https:\/\/adj.ifispan.pl\/index.php\/publikacje\/\" aria-label=\"Dowiedz si\u0119 wi\u0119cej o Publikacje\">Dowiedz si\u0119 wi\u0119cej<\/a><\/p>\n","protected":false},"author":4,"featured_media":0,"parent":0,"menu_order":0,"comment_status":"closed","ping_status":"closed","template":"","meta":{"footnotes":""},"class_list":["post-123","page","type-page","status-publish"],"_links":{"self":[{"href":"https:\/\/adj.ifispan.pl\/index.php\/wp-json\/wp\/v2\/pages\/123","targetHints":{"allow":["GET"]}}],"collection":[{"href":"https:\/\/adj.ifispan.pl\/index.php\/wp-json\/wp\/v2\/pages"}],"about":[{"href":"https:\/\/adj.ifispan.pl\/index.php\/wp-json\/wp\/v2\/types\/page"}],"author":[{"embeddable":true,"href":"https:\/\/adj.ifispan.pl\/index.php\/wp-json\/wp\/v2\/users\/4"}],"replies":[{"embeddable":true,"href":"https:\/\/adj.ifispan.pl\/index.php\/wp-json\/wp\/v2\/comments?post=123"}],"version-history":[{"count":4,"href":"https:\/\/adj.ifispan.pl\/index.php\/wp-json\/wp\/v2\/pages\/123\/revisions"}],"predecessor-version":[{"id":1057,"href":"https:\/\/adj.ifispan.pl\/index.php\/wp-json\/wp\/v2\/pages\/123\/revisions\/1057"}],"wp:attachment":[{"href":"https:\/\/adj.ifispan.pl\/index.php\/wp-json\/wp\/v2\/media?parent=123"}],"curies":[{"name":"wp","href":"https:\/\/api.w.org\/{rel}","templated":true}]}}